{"id":3918,"date":"2016-06-22T09:51:07","date_gmt":"2016-06-22T07:51:07","guid":{"rendered":"https:\/\/www.sistec-am.com\/en\/termini-duso\/"},"modified":"2017-02-15T13:31:44","modified_gmt":"2017-02-15T12:31:44","slug":"terms-of-use","status":"publish","type":"page","link":"https:\/\/www.sistec-am.com\/en\/terms-of-use\/","title":{"rendered":"Terms of use"},"content":{"rendered":"<div id=\"pl-3918\"  class=\"panel-layout\" ><div id=\"pg-3918-0\"  class=\"panel-grid panel-no-style\" ><div id=\"pgc-3918-0-0\"  class=\"panel-grid-cell\" ><div id=\"panel-3918-0-0-0\" class=\"so-panel widget widget_sow-editor panel-first-child panel-last-child\" data-index=\"0\" ><div\n\t\t\t\n\t\t\tclass=\"so-widget-sow-editor so-widget-sow-editor-base\"\n\t\t\t\n\t\t>\n<div class=\"siteorigin-widget-tinymce textwidget\">\n\t<h1>LEGAL NOTICE<\/h1>\n<p>The present document contains the legal conditions for access and use of the <a href=\"https:\/\/www.sistec-am.com\/\">www.sistec-am.com<\/a> Web Site. By accessing the Web Site and utilising it, or the materials it contains, the user undertakes to comply with the general conditions indicated below.<\/p>\n<p><b>1. Ownership of the Web Site<\/b><br \/>\nThis Web Site is property of the Sistec S.r.l\u00a0with registered office in c\/o Polo Tecnologico di Pordenone Via Roveredo 20\/b\u00a033170 Pordenone - Italy<\/p>\n<p><b>2. Copyright and trademark <\/b><br \/>\nThis Web Site is protected by copyright as an individual and\/or composite and\/or collective work under the provisions of the copyright laws of Italy and of the European Union, as well as under international conventions and all other rules and regulations governing copyrights.<br \/>\nAny unauthorised use of the materials contained in the Web Site is absolutely prohibited. All rights are reserved.<br \/>\nThe Web Site may contain documents, images, software, information and other materials belonging to third parties, such as photographs, advertising, film clips and music.<br \/>\nAny unauthorised use of the materials contained in the Web Site is absolutely prohibited, unless prior written consent has been obtained from the owner of the material in question.<\/p>\n<p><b>3. Use and access of the Web Site<\/b><br \/>\nThe contents and the materials of the Web Site are meant for exclusive personal, non-commercial use.<br \/>\nUsers may download or copy the Contents - or other materials subject to downloading - displayed on this Web Site solely for their own personal, non-commercial use, on the condition that they acknowledge that the materials covered by Copyright are protected and that they undertake to respect all the copyrights and other rights contained in this Web Site.<br \/>\nDuplication or memorisation of any of the contents for uses which are not personal and non-commercial is strictly prohibited, unless prior written consent has been obtained from Sistec S.r.l.<br \/>\nSistec S.r.l. potr\u00e0 modificare, annullare o sospendere la totalit\u00e0 o qualsivoglia delle caratteristiche del sito web in qualsivoglia momento, compresa la disponibilit\u00e0 della totalit\u00e0 o di qualsivoglia parte del sito web, delle funzioni e del database del sito web.<br \/>\nSistec S.r.l. may modify, cancel or suspend any or all of the features of the Web Site at any point in time, including the availability of any or all of the portions of the Web Site, as well as the functions and the database of the Web Site.<br \/>\nSistec S.r.l. may also correct any errors or omissions in any portion of the Web Site, or stipulate limitations on specific functions and services, or limit the access of users to all or a portion of the Web Site without any need for notification and without any ensuing liability.<\/p>\n<p><b>4. Denial of guarantee and limitation of responsibility<\/b><br \/>\nUsers acknowledge that they are utilising the Web Site at their own risk. The service is supplied in its existing state, and Sistec S.r.l. explicitly denies the existence of any guarantee, be it explicit or implicit, including - though the following are merely examples - guarantees of accuracy, reliability, ownership, inviolability, suitability for specific purposes or any other guarantee, condition, assurance or declaration, be it oral, written or in electronic form, including - though the following merely represent examples - any guarantee on accuracy or completeness of any of the information contained in the Web Site or supplied by it.<br \/>\nThe company Sistec S.r.l. does not declare and does not guarantee that access to the Web Site shall not be interrupted, or that the Web Site shall not contain malfunctions, errors or omissions or occasion losses of the information transmitted, or that viruses shall not be transmitted on the Web Site.<br \/>\nThe company Sistec S.r.l. shall not be responsible towards users of the site, or to any third party, for any damage, be it direct, indirect, special, consequential or punitive, presumably sustained following access, or the impossibility of making access, to the Web Site, including the eventuality of viruses presumably received from the Web Site, as well as the use of or reliance upon the Web Site, or on any information or material available on the Web Site.<\/p>\n<p><b>5. Applicable laws and jurisdiction<\/b><br \/>\nThe user acknowledges and agrees, for all relevant purposes, that any disputes which should arise from the access and\/or use of the Web Site shall be subject to Italian law, and shall fall under the exclusive jurisdiction of an Italian Court.<\/p>\n<p><b>6. Modifications<\/b><br \/>\nThe preceding norms may be modified by the company Sistec S.r.l. from time to time; notifications of any revisions of these norms shall be given on this page.<br \/>\nContinued use of the Web Site by the user shall amount to acceptance of the modifications or revisions of the norms; for this reason, we suggest that the user visit this page on a regular basis.<\/p>\n<\/div>\n<\/div><\/div><\/div><\/div><\/div>","protected":false},"excerpt":{"rendered":"<p>LEGAL NOTICE The present document contains the legal conditions for access and use of the www.sistec-am.com Web Site. By accessing the Web Site and utilising it, or the materials it contains, the user undertakes to comply with the general conditions indicated below. 1. Ownership of the Web Site This Web Site is property of the [&hellip;]<\/p>\n","protected":false},"author":1,"featured_media":0,"parent":0,"menu_order":0,"comment_status":"closed","ping_status":"closed","template":"","meta":{"_acf_changed":false,"_gspb_post_css":"","footnotes":""},"class_list":["post-3918","page","type-page","status-publish","hentry"],"acf":[],"yoast_head":"<!-- This site is optimized with the Yoast SEO plugin v27.4 - https:\/\/yoast.com\/product\/yoast-seo-wordpress\/ -->\n<title>Terms of use - Sistec<\/title>\n<meta name=\"robots\" content=\"index, follow, max-snippet:-1, max-image-preview:large, max-video-preview:-1\" \/>\n<link rel=\"canonical\" href=\"https:\/\/www.sistec-am.com\/en\/terms-of-use\/\" \/>\n<meta property=\"og:locale\" content=\"en_US\" \/>\n<meta property=\"og:type\" content=\"article\" \/>\n<meta property=\"og:title\" content=\"Terms of use - Sistec\" \/>\n<meta property=\"og:description\" content=\"LEGAL NOTICE The present document contains the legal conditions for access and use of the www.sistec-am.com Web Site. By accessing the Web Site and utilising it, or the materials it contains, the user undertakes to comply with the general conditions indicated below. 1. Ownership of the Web Site This Web Site is property of the [&hellip;]\" \/>\n<meta property=\"og:url\" content=\"https:\/\/www.sistec-am.com\/en\/terms-of-use\/\" \/>\n<meta property=\"og:site_name\" content=\"Sistec\" \/>\n<meta property=\"article:modified_time\" content=\"2017-02-15T12:31:44+00:00\" \/>\n<meta name=\"twitter:card\" content=\"summary_large_image\" \/>\n<meta name=\"twitter:label1\" content=\"Est. reading time\" \/>\n\t<meta name=\"twitter:data1\" content=\"4 minutes\" \/>\n<script type=\"application\/ld+json\" class=\"yoast-schema-graph\">{\"@context\":\"https:\\\/\\\/schema.org\",\"@graph\":[{\"@type\":\"WebPage\",\"@id\":\"https:\\\/\\\/www.sistec-am.com\\\/en\\\/terms-of-use\\\/\",\"url\":\"https:\\\/\\\/www.sistec-am.com\\\/en\\\/terms-of-use\\\/\",\"name\":\"Terms of use - Sistec\",\"isPartOf\":{\"@id\":\"https:\\\/\\\/www.sistec-am.com\\\/#website\"},\"datePublished\":\"2016-06-22T07:51:07+00:00\",\"dateModified\":\"2017-02-15T12:31:44+00:00\",\"breadcrumb\":{\"@id\":\"https:\\\/\\\/www.sistec-am.com\\\/en\\\/terms-of-use\\\/#breadcrumb\"},\"inLanguage\":\"it-IT\",\"potentialAction\":[{\"@type\":\"ReadAction\",\"target\":[\"https:\\\/\\\/www.sistec-am.com\\\/en\\\/terms-of-use\\\/\"]}]},{\"@type\":\"BreadcrumbList\",\"@id\":\"https:\\\/\\\/www.sistec-am.com\\\/en\\\/terms-of-use\\\/#breadcrumb\",\"itemListElement\":[{\"@type\":\"ListItem\",\"position\":1,\"name\":\"Home\",\"item\":\"https:\\\/\\\/www.sistec-am.com\\\/en\\\/\"},{\"@type\":\"ListItem\",\"position\":2,\"name\":\"Terms of use\"}]},{\"@type\":\"WebSite\",\"@id\":\"https:\\\/\\\/www.sistec-am.com\\\/#website\",\"url\":\"https:\\\/\\\/www.sistec-am.com\\\/\",\"name\":\"Sistec\",\"description\":\"\",\"publisher\":{\"@id\":\"https:\\\/\\\/www.sistec-am.com\\\/#organization\"},\"potentialAction\":[{\"@type\":\"SearchAction\",\"target\":{\"@type\":\"EntryPoint\",\"urlTemplate\":\"https:\\\/\\\/www.sistec-am.com\\\/?s={search_term_string}\"},\"query-input\":{\"@type\":\"PropertyValueSpecification\",\"valueRequired\":true,\"valueName\":\"search_term_string\"}}],\"inLanguage\":\"it-IT\"},{\"@type\":\"Organization\",\"@id\":\"https:\\\/\\\/www.sistec-am.com\\\/#organization\",\"name\":\"Sistec\",\"url\":\"https:\\\/\\\/www.sistec-am.com\\\/\",\"logo\":{\"@type\":\"ImageObject\",\"inLanguage\":\"it-IT\",\"@id\":\"https:\\\/\\\/www.sistec-am.com\\\/#\\\/schema\\\/logo\\\/image\\\/\",\"url\":\"https:\\\/\\\/www.sistec-am.com\\\/wp-content\\\/uploads\\\/2021\\\/10\\\/logo-sistec_AM_sd.jpg\",\"contentUrl\":\"https:\\\/\\\/www.sistec-am.com\\\/wp-content\\\/uploads\\\/2021\\\/10\\\/logo-sistec_AM_sd.jpg\",\"width\":1500,\"height\":925,\"caption\":\"Sistec\"},\"image\":{\"@id\":\"https:\\\/\\\/www.sistec-am.com\\\/#\\\/schema\\\/logo\\\/image\\\/\"}}]}<\/script>\n<!-- \/ Yoast SEO plugin. -->","yoast_head_json":{"title":"Terms of use - Sistec","robots":{"index":"index","follow":"follow","max-snippet":"max-snippet:-1","max-image-preview":"max-image-preview:large","max-video-preview":"max-video-preview:-1"},"canonical":"https:\/\/www.sistec-am.com\/en\/terms-of-use\/","og_locale":"en_US","og_type":"article","og_title":"Terms of use - Sistec","og_description":"LEGAL NOTICE The present document contains the legal conditions for access and use of the www.sistec-am.com Web Site. By accessing the Web Site and utilising it, or the materials it contains, the user undertakes to comply with the general conditions indicated below. 1. Ownership of the Web Site This Web Site is property of the [&hellip;]","og_url":"https:\/\/www.sistec-am.com\/en\/terms-of-use\/","og_site_name":"Sistec","article_modified_time":"2017-02-15T12:31:44+00:00","twitter_card":"summary_large_image","twitter_misc":{"Est. reading time":"4 minutes"},"schema":{"@context":"https:\/\/schema.org","@graph":[{"@type":"WebPage","@id":"https:\/\/www.sistec-am.com\/en\/terms-of-use\/","url":"https:\/\/www.sistec-am.com\/en\/terms-of-use\/","name":"Terms of use - Sistec","isPartOf":{"@id":"https:\/\/www.sistec-am.com\/#website"},"datePublished":"2016-06-22T07:51:07+00:00","dateModified":"2017-02-15T12:31:44+00:00","breadcrumb":{"@id":"https:\/\/www.sistec-am.com\/en\/terms-of-use\/#breadcrumb"},"inLanguage":"it-IT","potentialAction":[{"@type":"ReadAction","target":["https:\/\/www.sistec-am.com\/en\/terms-of-use\/"]}]},{"@type":"BreadcrumbList","@id":"https:\/\/www.sistec-am.com\/en\/terms-of-use\/#breadcrumb","itemListElement":[{"@type":"ListItem","position":1,"name":"Home","item":"https:\/\/www.sistec-am.com\/en\/"},{"@type":"ListItem","position":2,"name":"Terms of use"}]},{"@type":"WebSite","@id":"https:\/\/www.sistec-am.com\/#website","url":"https:\/\/www.sistec-am.com\/","name":"Sistec","description":"","publisher":{"@id":"https:\/\/www.sistec-am.com\/#organization"},"potentialAction":[{"@type":"SearchAction","target":{"@type":"EntryPoint","urlTemplate":"https:\/\/www.sistec-am.com\/?s={search_term_string}"},"query-input":{"@type":"PropertyValueSpecification","valueRequired":true,"valueName":"search_term_string"}}],"inLanguage":"it-IT"},{"@type":"Organization","@id":"https:\/\/www.sistec-am.com\/#organization","name":"Sistec","url":"https:\/\/www.sistec-am.com\/","logo":{"@type":"ImageObject","inLanguage":"it-IT","@id":"https:\/\/www.sistec-am.com\/#\/schema\/logo\/image\/","url":"https:\/\/www.sistec-am.com\/wp-content\/uploads\/2021\/10\/logo-sistec_AM_sd.jpg","contentUrl":"https:\/\/www.sistec-am.com\/wp-content\/uploads\/2021\/10\/logo-sistec_AM_sd.jpg","width":1500,"height":925,"caption":"Sistec"},"image":{"@id":"https:\/\/www.sistec-am.com\/#\/schema\/logo\/image\/"}}]}},"_links":{"self":[{"href":"https:\/\/www.sistec-am.com\/en\/wp-json\/wp\/v2\/pages\/3918","targetHints":{"allow":["GET"]}}],"collection":[{"href":"https:\/\/www.sistec-am.com\/en\/wp-json\/wp\/v2\/pages"}],"about":[{"href":"https:\/\/www.sistec-am.com\/en\/wp-json\/wp\/v2\/types\/page"}],"author":[{"embeddable":true,"href":"https:\/\/www.sistec-am.com\/en\/wp-json\/wp\/v2\/users\/1"}],"replies":[{"embeddable":true,"href":"https:\/\/www.sistec-am.com\/en\/wp-json\/wp\/v2\/comments?post=3918"}],"version-history":[{"count":0,"href":"https:\/\/www.sistec-am.com\/en\/wp-json\/wp\/v2\/pages\/3918\/revisions"}],"wp:attachment":[{"href":"https:\/\/www.sistec-am.com\/en\/wp-json\/wp\/v2\/media?parent=3918"}],"curies":[{"name":"wp","href":"https:\/\/api.w.org\/{rel}","templated":true}]}}